{"id":895,"date":"2025-05-17T11:23:19","date_gmt":"2025-05-17T08:23:19","guid":{"rendered":"https:\/\/wir2030.com\/tesis\/"},"modified":"2025-05-22T09:56:55","modified_gmt":"2025-05-22T06:56:55","slug":"tesis","status":"publish","type":"page","link":"https:\/\/wir2030.com\/es\/tesis\/","title":{"rendered":"Tesis"},"content":{"rendered":"\n<div class=\"wp-block-group alignfull is-style-section-2 has-global-padding is-content-justification-center is-layout-constrained wp-block-group-is-layout-constrained is-style-section-2--1\" id=\"page-title-section\" style=\"margin-top:0;margin-bottom:0;padding-top:var(--wp--preset--spacing--40);padding-bottom:var(--wp--preset--spacing--40)\">\n<div class=\"wp-block-columns alignwide is-layout-flex wp-container-core-columns-is-layout-a2e1813e wp-block-columns-is-layout-flex\">\n<div class=\"wp-block-column is-vertically-aligned-center has-global-padding is-content-justification-left is-layout-constrained wp-container-core-column-is-layout-a580ebe5 wp-block-column-is-layout-constrained\">\n<h2 class=\"wp-block-heading has-xx-large-font-size\">Sociedad en transici\u00f3n<\/h2>\n\n\n\n<p class=\"has-medium-font-size wp-block-paragraph\">En esta plataforma, debatimos los acontecimientos actuales y los retos del cambio social en relaci\u00f3n con las 95 tesis. Aqu\u00ed puedes compartir tus ideas y hacer campa\u00f1a por un cambio positivo. <br\/><br\/>Con sus tesis, Mart\u00edn Lutero quer\u00eda abrir un espacio de debate para reconducir a la Iglesia por el buen camino.<br\/><br\/>Esta es mi contribuci\u00f3n para dar a la gente la oportunidad de cosechar juntos nuevos frutos basados en estas semillas.<br\/><br\/>Ni partido, ni gobierno, ni candidatos, consejeros o presidentes  <br\/><br\/>La gente habla del futuro y si lo hace un n\u00famero suficiente de personas, este futuro se har\u00e1 realidad por s\u00ed solo.<br\/><br\/>Estoy convencido de ello<br\/><br\/>Dr Bodo Schiffmann 17.05.2025<\/p>\n<\/div>\n\n\n\n<div class=\"wp-block-column is-layout-flow wp-block-column-is-layout-flow\"><\/div>\n\n\n\n<div class=\"wp-block-column is-vertically-aligned-bottom is-layout-flow wp-block-column-is-layout-flow\">\n<figure class=\"wp-block-image size-full\"><img data-recalc-dims=\"1\" loading=\"lazy\" decoding=\"async\" width=\"867\" height=\"1300\" src=\"https:\/\/i0.wp.com\/wir2030.com\/wp-content\/uploads\/2025\/05\/pexels-photo-1557251.jpeg?resize=867%2C1300&#038;ssl=1\" alt=\"Cambio social\" class=\"wp-image-141\" style=\"aspect-ratio:1;object-fit:cover\"\/><\/figure>\n<\/div>\n<\/div>\n<\/div>\n","protected":false},"excerpt":{"rendered":"<p>Sociedad en transici\u00f3n En esta plataforma, debatimos los acontecimientos actuales y los retos del cambio social en relaci\u00f3n con las 95 tesis. Aqu\u00ed puedes compartir tus ideas y hacer campa\u00f1a por un cambio positivo. Con sus tesis, Mart\u00edn Lutero quer\u00eda abrir un espacio de debate para reconducir a la Iglesia por el buen camino. Esta [&hellip;]<\/p>\n","protected":false},"author":112514394,"featured_media":0,"parent":0,"menu_order":2,"comment_status":"closed","ping_status":"closed","template":"","meta":{"_crdt_document":"","advanced_seo_description":"","jetpack_seo_html_title":"","jetpack_seo_noindex":false,"footnotes":"","big_sky_generated":false},"class_list":["post-895","page","type-page","status-publish","hentry"],"jetpack_likes_enabled":true,"jetpack_sharing_enabled":true,"jetpack_shortlink":"https:\/\/wp.me\/Pgv6KY-er","jetpack-related-posts":[{"id":943,"url":"https:\/\/wir2030.com\/es\/","url_meta":{"origin":895,"position":0},"title":"Inicio","author":"boschimo","date":"17 de mayo de 2025","format":false,"excerpt":"Juntos por el cambio socialLo que quer\u00eda Mart\u00edn Lutero con sus 95 tesis (resumido brevemente): Mart\u00edn Lutero no quer\u00eda destruir la Iglesia, sino reconducirla a su verdadera misi\u00f3n.Sus 95 tesis (1517) iban dirigidas contra: el abuso del poder religioso (especialmente mediante la venta de indulgencias), la instrumentalizaci\u00f3n de la fe\u2026","rel":"","context":"Entrada similar","block_context":{"text":"Entrada similar","link":""},"img":{"alt_text":"","src":"https:\/\/i0.wp.com\/wir2030.com\/wp-content\/uploads\/2025\/05\/wir2030-bild-1.jpg?resize=350%2C200&ssl=1","width":350,"height":200,"srcset":"https:\/\/i0.wp.com\/wir2030.com\/wp-content\/uploads\/2025\/05\/wir2030-bild-1.jpg?resize=350%2C200&ssl=1 1x, https:\/\/i0.wp.com\/wir2030.com\/wp-content\/uploads\/2025\/05\/wir2030-bild-1.jpg?resize=525%2C300&ssl=1 1.5x"},"classes":[]},{"id":908,"url":"https:\/\/wir2030.com\/es\/boletin\/","url_meta":{"origin":895,"position":1},"title":"Bolet\u00edn","author":"boschimo","date":"17 de mayo de 2025","format":false,"excerpt":"Trabajar juntos por el cambio social Nuestra plataforma promueve el cambio social mediante debates cr\u00edticos y el apoyo conjunto a las 95 Tesis. Forma parte de este movimiento. Cambio social Mantente informado sobre los debates e iniciativas actuales que est\u00e1n cambiando nuestra sociedad.","rel":"","context":"Entrada similar","block_context":{"text":"Entrada similar","link":""},"img":{"alt_text":"","src":"","width":0,"height":0},"classes":[]},{"id":910,"url":"https:\/\/wir2030.com\/es\/la-dictadura-comienza-cuando-los-medios-de-comunicacion-se-alinean\/","url_meta":{"origin":895,"position":2},"title":"La dictadura comienza cuando los medios de comunicaci\u00f3n se alinean.","author":"boschimo","date":"17 de mayo de 2025","format":false,"excerpt":"Tesis 3: La dictadura comienza cuando los medios de comunicaci\u00f3n est\u00e1n sincronizados. Explicaci\u00f3n y justificaci\u00f3n Una sociedad libre se nutre del discurso abierto, del choque de opiniones y de la competencia de ideas. Los medios de comunicaci\u00f3n desempe\u00f1an un papel clave en esto: deben informar, ilustrar y controlar, no adoctrinar.\u2026","rel":"","context":"Entrada similar","block_context":{"text":"Entrada similar","link":""},"img":{"alt_text":"","src":"https:\/\/i0.wp.com\/wir2030.com\/wp-content\/uploads\/2025\/05\/image-2.png?resize=350%2C200&ssl=1","width":350,"height":200,"srcset":"https:\/\/i0.wp.com\/wir2030.com\/wp-content\/uploads\/2025\/05\/image-2.png?resize=350%2C200&ssl=1 1x, https:\/\/i0.wp.com\/wir2030.com\/wp-content\/uploads\/2025\/05\/image-2.png?resize=525%2C300&ssl=1 1.5x, https:\/\/i0.wp.com\/wir2030.com\/wp-content\/uploads\/2025\/05\/image-2.png?resize=700%2C400&ssl=1 2x"},"classes":[]},{"id":902,"url":"https:\/\/wir2030.com\/fr\/theses\/","url_meta":{"origin":895,"position":3},"title":"Th\u00e8ses","author":"boschimo","date":"17 de mayo de 2025","format":false,"excerpt":"Une soci\u00e9t\u00e9 en mutation Sur cette plate-forme, nous discutons des d\u00e9veloppements actuels et des d\u00e9fis du changement social en rapport avec les 95 th\u00e8ses. Ici, vous partagez vos r\u00e9flexions et vous vous engagez pour des changements positifs. Avec ses th\u00e8ses, Martin Luther voulait ouvrir un espace de discussion pour remettre\u2026","rel":"","context":"Entrada similar","block_context":{"text":"Entrada similar","link":""},"img":{"alt_text":"","src":"https:\/\/i0.wp.com\/wir2030.com\/wp-content\/uploads\/2025\/05\/pexels-photo-1557251.jpeg?resize=350%2C200&ssl=1","width":350,"height":200,"srcset":"https:\/\/i0.wp.com\/wir2030.com\/wp-content\/uploads\/2025\/05\/pexels-photo-1557251.jpeg?resize=350%2C200&ssl=1 1x, https:\/\/i0.wp.com\/wir2030.com\/wp-content\/uploads\/2025\/05\/pexels-photo-1557251.jpeg?resize=525%2C300&ssl=1 1.5x, https:\/\/i0.wp.com\/wir2030.com\/wp-content\/uploads\/2025\/05\/pexels-photo-1557251.jpeg?resize=700%2C400&ssl=1 2x"},"classes":[]},{"id":950,"url":"https:\/\/wir2030.com\/fr\/accueil\/","url_meta":{"origin":895,"position":4},"title":"Accueil","author":"boschimo","date":"17 de mayo de 2025","format":false,"excerpt":"Ensemble pour le changement socialCe que Martin Luther voulait avec ses 95 th\u00e8ses (en bref) : Martin Luther ne voulait pas d\u00e9truire l'\u00c9glise, mais la ramener \u00e0 sa mission premi\u00e8re.Ses 95 th\u00e8ses (1517) \u00e9taient dirig\u00e9es contre : l'abus du pouvoir religieux (surtout par le biais du commerce des indulgences), l'instrumentalisation\u2026","rel":"","context":"Entrada similar","block_context":{"text":"Entrada similar","link":""},"img":{"alt_text":"","src":"https:\/\/i0.wp.com\/wir2030.com\/wp-content\/uploads\/2025\/05\/wir2030-bild-1.jpg?resize=350%2C200&ssl=1","width":350,"height":200,"srcset":"https:\/\/i0.wp.com\/wir2030.com\/wp-content\/uploads\/2025\/05\/wir2030-bild-1.jpg?resize=350%2C200&ssl=1 1x, https:\/\/i0.wp.com\/wir2030.com\/wp-content\/uploads\/2025\/05\/wir2030-bild-1.jpg?resize=525%2C300&ssl=1 1.5x"},"classes":[]},{"id":919,"url":"https:\/\/wir2030.com\/fr\/la-ou-les-medias-sont-alignes-la-dictature-commence\/","url_meta":{"origin":895,"position":5},"title":"L\u00e0 o\u00f9 les m\u00e9dias sont align\u00e9s, la dictature commence.","author":"boschimo","date":"17 de mayo de 2025","format":false,"excerpt":"Th\u00e8se 3 : l\u00e0 o\u00f9 les m\u00e9dias sont align\u00e9s, la dictature commence. Explication et justification Une soci\u00e9t\u00e9 libre vit du d\u00e9bat ouvert, de la confrontation des opinions, de la concurrence des id\u00e9es. Les m\u00e9dias jouent un r\u00f4le cl\u00e9 dans ce processus : ils doivent informer, \u00e9clairer, contr\u00f4ler - et non\u2026","rel":"","context":"Entrada similar","block_context":{"text":"Entrada similar","link":""},"img":{"alt_text":"","src":"https:\/\/i0.wp.com\/wir2030.com\/wp-content\/uploads\/2025\/05\/image-2.png?resize=350%2C200&ssl=1","width":350,"height":200,"srcset":"https:\/\/i0.wp.com\/wir2030.com\/wp-content\/uploads\/2025\/05\/image-2.png?resize=350%2C200&ssl=1 1x, https:\/\/i0.wp.com\/wir2030.com\/wp-content\/uploads\/2025\/05\/image-2.png?resize=525%2C300&ssl=1 1.5x, https:\/\/i0.wp.com\/wir2030.com\/wp-content\/uploads\/2025\/05\/image-2.png?resize=700%2C400&ssl=1 2x"},"classes":[]}],"_links":{"self":[{"href":"https:\/\/wir2030.com\/es\/wp-json\/wp\/v2\/pages\/895","targetHints":{"allow":["GET"]}}],"collection":[{"href":"https:\/\/wir2030.com\/es\/wp-json\/wp\/v2\/pages"}],"about":[{"href":"https:\/\/wir2030.com\/es\/wp-json\/wp\/v2\/types\/page"}],"author":[{"embeddable":true,"href":"https:\/\/wir2030.com\/es\/wp-json\/wp\/v2\/users\/112514394"}],"replies":[{"embeddable":true,"href":"https:\/\/wir2030.com\/es\/wp-json\/wp\/v2\/comments?post=895"}],"version-history":[{"count":1,"href":"https:\/\/wir2030.com\/es\/wp-json\/wp\/v2\/pages\/895\/revisions"}],"predecessor-version":[{"id":896,"href":"https:\/\/wir2030.com\/es\/wp-json\/wp\/v2\/pages\/895\/revisions\/896"}],"wp:attachment":[{"href":"https:\/\/wir2030.com\/es\/wp-json\/wp\/v2\/media?parent=895"}],"curies":[{"name":"wp","href":"https:\/\/api.w.org\/{rel}","templated":true}]}}