{"id":905,"date":"2025-05-17T11:23:21","date_gmt":"2025-05-17T08:23:21","guid":{"rendered":"https:\/\/wir2030.com\/about-us\/"},"modified":"2025-05-22T09:57:00","modified_gmt":"2025-05-22T06:57:00","slug":"about-us","status":"publish","type":"page","link":"https:\/\/wir2030.com\/en\/about-us\/","title":{"rendered":"About us"},"content":{"rendered":"\n<div class=\"wp-block-group alignfull is-style-section-2 has-global-padding is-content-justification-center is-layout-constrained wp-block-group-is-layout-constrained is-style-section-2--1\" id=\"page-title-section\" style=\"margin-top:0;margin-bottom:0;padding-top:var(--wp--preset--spacing--40);padding-bottom:var(--wp--preset--spacing--40)\">\n<div class=\"wp-block-columns alignwide is-layout-flex wp-container-core-columns-is-layout-a2e1813e wp-block-columns-is-layout-flex\">\n<div class=\"wp-block-column is-vertically-aligned-center has-global-padding is-content-justification-left is-layout-constrained wp-container-core-column-is-layout-a580ebe5 wp-block-column-is-layout-constrained\">\n<h2 class=\"wp-block-heading has-xx-large-font-size\">Understanding social change<\/h2>\n\n\n\n<p class=\"has-medium-font-size wp-block-paragraph\">Our platform promotes social change through open discussions and support for the 95 Theses. Together, we want to shape sustainable change and promote greater social responsibility. <\/p>\n<\/div>\n\n\n\n<div class=\"wp-block-column is-vertically-aligned-bottom is-layout-flow wp-block-column-is-layout-flow\">\n<figure class=\"wp-block-image size-full\"><img data-recalc-dims=\"1\" decoding=\"async\" src=\"https:\/\/i0.wp.com\/images.pexels.com\/photos\/669986\/pexels-photo-669986.jpeg?ssl=1\" alt=\"Social change\" style=\"aspect-ratio:1;object-fit:cover\"\/><\/figure>\n<\/div>\n<\/div>\n<\/div>\n\n<div class=\"wp-block-group alignfull is-style-section-default is-layout-flow wp-block-group-is-layout-flow\" id=\"about-section\" style=\"margin-top:0;margin-bottom:0\">\n<div class=\"wp-block-group alignfull has-global-padding is-layout-constrained wp-container-core-group-is-layout-cb262dbb wp-block-group-is-layout-constrained\" style=\"margin-top:0;margin-bottom:0;padding-top:var(--wp--preset--spacing--50);padding-bottom:var(--wp--preset--spacing--50)\">\n<div class=\"wp-block-group has-global-padding is-layout-constrained wp-container-core-group-is-layout-1a8c6bf1 wp-block-group-is-layout-constrained\">\n<h2 class=\"wp-block-heading has-text-align-center\">Social change begins with dialog<\/h2>\n\n\n\n<p class=\"has-text-align-center wp-block-paragraph\">Our platform promotes social change through open discussions and joint support for the 95 theses in order to create more understanding and trust in society.<\/p>\n<\/div>\n\n\n\n<figure class=\"wp-block-image size-full\"><img data-recalc-dims=\"1\" decoding=\"async\" src=\"https:\/\/i0.wp.com\/images.pexels.com\/photos\/1251832\/pexels-photo-1251832.jpeg?ssl=1\" alt=\"Social change\"\/><\/figure>\n<\/div>\n\n\n\n<div class=\"wp-block-group alignfull is-style-section-1 has-global-padding is-content-justification-center is-layout-constrained wp-block-group-is-layout-constrained is-style-section-1--2\" style=\"margin-top:0;margin-bottom:0;padding-top:var(--wp--preset--spacing--60);padding-bottom:var(--wp--preset--spacing--60)\">\n<div class=\"wp-block-columns alignwide is-layout-flex wp-container-core-columns-is-layout-46072e6f wp-block-columns-is-layout-flex\">\n<div class=\"wp-block-column is-layout-flow wp-block-column-is-layout-flow\">\n<h3 class=\"wp-block-heading has-medium-font-size\">Shared visions<\/h3>\n\n\n\n<p class=\"wp-block-paragraph\">We are committed to a society in which dialog breaks down barriers and promotes innovation. By sharing ideas, we want to pave the way for a sustainable and fair future. <\/p>\n<\/div>\n\n\n\n<div class=\"wp-block-column is-layout-flow wp-block-column-is-layout-flow\">\n<h3 class=\"wp-block-heading has-medium-font-size\">Values and principles<\/h3>\n\n\n\n<p class=\"wp-block-paragraph\">Transparency, respect and cooperation are at the heart of our commitment. These values are the basis for constructive social change, which is driven by a shared understanding. <\/p>\n<\/div>\n\n\n\n<div class=\"wp-block-column is-layout-flow wp-block-column-is-layout-flow\">\n<h3 class=\"wp-block-heading has-medium-font-size\">Background and mission<\/h3>\n\n\n\n<p class=\"wp-block-paragraph\">As a platform, we are dedicated to promoting social change by encouraging people to actively participate in discussions and jointly develop solutions for a better society.<\/p>\n<\/div>\n<\/div>\n<\/div>\n\n\n\n<div class=\"wp-block-group alignfull has-global-padding is-content-justification-center is-layout-constrained wp-block-group-is-layout-constrained\" style=\"margin-top:0;margin-bottom:0;padding-top:var(--wp--preset--spacing--40);padding-bottom:var(--wp--preset--spacing--40)\">\n<div class=\"wp-block-columns alignwide is-layout-flex wp-container-core-columns-is-layout-3b811c60 wp-block-columns-is-layout-flex\">\n<div class=\"wp-block-column is-vertically-aligned-center has-global-padding is-content-justification-left is-layout-constrained wp-container-core-column-is-layout-a580ebe5 wp-block-column-is-layout-constrained\">\n<h3 class=\"wp-block-heading has-large-font-size\">Our goal<\/h3>\n\n\n\n<p class=\"wp-block-paragraph\">Our initiative aims to bring about social change through collective efforts. By promoting dialog, we build bridges between different views and create a basis for sustainable progress. <\/p>\n<\/div>\n\n\n\n<div class=\"wp-block-column is-vertically-aligned-bottom is-layout-flow wp-block-column-is-layout-flow\">\n<figure class=\"wp-block-image size-full\"><img data-recalc-dims=\"1\" decoding=\"async\" src=\"https:\/\/i0.wp.com\/images.pexels.com\/photos\/733852\/pexels-photo-733852.jpeg?ssl=1\" alt=\"Social change\" style=\"aspect-ratio:1;object-fit:cover\"\/><\/figure>\n<\/div>\n<\/div>\n<\/div>\n\n\n\n<div class=\"wp-block-group alignfull has-global-padding is-content-justification-center is-layout-constrained wp-block-group-is-layout-constrained\" style=\"margin-top:0;margin-bottom:0;padding-top:var(--wp--preset--spacing--40);padding-bottom:var(--wp--preset--spacing--40)\">\n<div class=\"wp-block-columns alignwide is-layout-flex wp-container-core-columns-is-layout-3b811c60 wp-block-columns-is-layout-flex\">\n<div class=\"wp-block-column is-vertically-aligned-bottom is-layout-flow wp-block-column-is-layout-flow\">\n<figure class=\"wp-block-image size-full\"><img data-recalc-dims=\"1\" decoding=\"async\" src=\"https:\/\/i0.wp.com\/images.pexels.com\/photos\/771322\/pexels-photo-771322.jpeg?ssl=1\" alt=\"Social change\" style=\"aspect-ratio:1;object-fit:cover\"\/><\/figure>\n<\/div>\n\n\n\n<div class=\"wp-block-column is-vertically-aligned-center has-global-padding is-content-justification-left is-layout-constrained wp-container-core-column-is-layout-a580ebe5 wp-block-column-is-layout-constrained\">\n<h3 class=\"wp-block-heading has-large-font-size\">Participation<\/h3>\n\n\n\n<p class=\"wp-block-paragraph\">Every voice counts. Your participation in discussions and your commitment are crucial to setting society in motion and actively shaping change. <\/p>\n<\/div>\n<\/div>\n<\/div>\n\n\n\n<div class=\"wp-block-group alignfull is-layout-flow wp-block-group-is-layout-flow\" style=\"margin-top:0;margin-bottom:0\"><\/div>\n<\/div>\n","protected":false},"excerpt":{"rendered":"<p>Understanding social change Our platform promotes social change through open discussions and support for the 95 Theses. Together, we want to shape sustainable change and promote greater social responsibility. Social change begins with dialog Our platform promotes social change through open discussions and joint support for the 95 theses in order to create more understanding [&hellip;]<\/p>\n","protected":false},"author":112514394,"featured_media":0,"parent":0,"menu_order":1,"comment_status":"closed","ping_status":"closed","template":"","meta":{"_crdt_document":"","advanced_seo_description":"","jetpack_seo_html_title":"","jetpack_seo_noindex":false,"footnotes":"","big_sky_generated":false},"class_list":["post-905","page","type-page","status-publish","hentry"],"jetpack_likes_enabled":true,"jetpack_sharing_enabled":true,"jetpack_shortlink":"https:\/\/wp.me\/Pgv6KY-eB","jetpack-related-posts":[{"id":800,"url":"https:\/\/wir2030.com\/en\/newsletter\/","url_meta":{"origin":905,"position":0},"title":"Newsletter","author":"boschimo","date":"17. May 2025","format":false,"excerpt":"Working together for social change Our platform promotes social change through critical discussions and joint support of the 95 Theses. Become part of this movement. Social change Stay informed about current discussions and initiatives that are changing our society.","rel":"","context":"Similar post","block_context":{"text":"Similar post","link":""},"img":{"alt_text":"","src":"","width":0,"height":0},"classes":[]},{"id":904,"url":"https:\/\/wir2030.com\/en\/theses\/","url_meta":{"origin":905,"position":1},"title":"Theses","author":"boschimo","date":"17. May 2025","format":false,"excerpt":"Society in transition On this platform, we discuss the current developments and challenges of social change in connection with the 95 theses. Here you can share your thoughts and advocate for positive change. With his theses, Martin Luther wanted to open up a space for discussion in order to put\u2026","rel":"","context":"Similar post","block_context":{"text":"Similar post","link":""},"img":{"alt_text":"","src":"https:\/\/i0.wp.com\/wir2030.com\/wp-content\/uploads\/2025\/05\/pexels-photo-1557251.jpeg?resize=350%2C200&ssl=1","width":350,"height":200,"srcset":"https:\/\/i0.wp.com\/wir2030.com\/wp-content\/uploads\/2025\/05\/pexels-photo-1557251.jpeg?resize=350%2C200&ssl=1 1x, https:\/\/i0.wp.com\/wir2030.com\/wp-content\/uploads\/2025\/05\/pexels-photo-1557251.jpeg?resize=525%2C300&ssl=1 1.5x, https:\/\/i0.wp.com\/wir2030.com\/wp-content\/uploads\/2025\/05\/pexels-photo-1557251.jpeg?resize=700%2C400&ssl=1 2x"},"classes":[]},{"id":939,"url":"https:\/\/wir2030.com\/en\/","url_meta":{"origin":905,"position":2},"title":"Home","author":"boschimo","date":"17. May 2025","format":false,"excerpt":"Together for social changeWhat Martin Luther wanted with his 95 theses (briefly summarized): Martin Luther did not want to destroy the church, but to lead it back to its true mission.His 95 theses (1517) were directed against: the abuse of religious power (especially through the sale of indulgences), the instrumentalization\u2026","rel":"","context":"Similar post","block_context":{"text":"Similar post","link":""},"img":{"alt_text":"","src":"https:\/\/i0.wp.com\/wir2030.com\/wp-content\/uploads\/2025\/05\/wir2030-bild-1.jpg?resize=350%2C200&ssl=1","width":350,"height":200,"srcset":"https:\/\/i0.wp.com\/wir2030.com\/wp-content\/uploads\/2025\/05\/wir2030-bild-1.jpg?resize=350%2C200&ssl=1 1x, https:\/\/i0.wp.com\/wir2030.com\/wp-content\/uploads\/2025\/05\/wir2030-bild-1.jpg?resize=525%2C300&ssl=1 1.5x"},"classes":[]},{"id":908,"url":"https:\/\/wir2030.com\/es\/boletin\/","url_meta":{"origin":905,"position":3},"title":"Bolet\u00edn","author":"boschimo","date":"17. May 2025","format":false,"excerpt":"Trabajar juntos por el cambio social Nuestra plataforma promueve el cambio social mediante debates cr\u00edticos y el apoyo conjunto a las 95 Tesis. Forma parte de este movimiento. Cambio social Mantente informado sobre los debates e iniciativas actuales que est\u00e1n cambiando nuestra sociedad.","rel":"","context":"Similar post","block_context":{"text":"Similar post","link":""},"img":{"alt_text":"","src":"","width":0,"height":0},"classes":[]},{"id":796,"url":"https:\/\/wir2030.com\/it\/newsletter\/","url_meta":{"origin":905,"position":4},"title":"Newsletter","author":"boschimo","date":"17. May 2025","format":false,"excerpt":"Lavorare insieme per il cambiamento sociale La nostra piattaforma promuove il cambiamento sociale attraverso discussioni critiche e il sostegno comune alle 95 Tesi. Entra a far parte di questo movimento. Cambiamento sociale Rimani informato sulle discussioni e le iniziative attuali che stanno cambiando la nostra societ\u00e0.","rel":"","context":"Similar post","block_context":{"text":"Similar post","link":""},"img":{"alt_text":"","src":"","width":0,"height":0},"classes":[]},{"id":798,"url":"https:\/\/wir2030.com\/fr\/bulletin-dinformation\/","url_meta":{"origin":905,"position":5},"title":"Bulletin d&#8217;information","author":"boschimo","date":"17. May 2025","format":false,"excerpt":"Ensemble pour le changement social Notre plate-forme encourage le changement social par des discussions critiques et le soutien collectif aux 95 th\u00e8ses. Rejoignez ce mouvement. Changement de soci\u00e9t\u00e9 Restez inform\u00e9 des d\u00e9bats actuels et des initiatives qui transforment notre soci\u00e9t\u00e9.","rel":"","context":"Similar post","block_context":{"text":"Similar post","link":""},"img":{"alt_text":"","src":"","width":0,"height":0},"classes":[]}],"_links":{"self":[{"href":"https:\/\/wir2030.com\/en\/wp-json\/wp\/v2\/pages\/905","targetHints":{"allow":["GET"]}}],"collection":[{"href":"https:\/\/wir2030.com\/en\/wp-json\/wp\/v2\/pages"}],"about":[{"href":"https:\/\/wir2030.com\/en\/wp-json\/wp\/v2\/types\/page"}],"author":[{"embeddable":true,"href":"https:\/\/wir2030.com\/en\/wp-json\/wp\/v2\/users\/112514394"}],"replies":[{"embeddable":true,"href":"https:\/\/wir2030.com\/en\/wp-json\/wp\/v2\/comments?post=905"}],"version-history":[{"count":1,"href":"https:\/\/wir2030.com\/en\/wp-json\/wp\/v2\/pages\/905\/revisions"}],"predecessor-version":[{"id":907,"href":"https:\/\/wir2030.com\/en\/wp-json\/wp\/v2\/pages\/905\/revisions\/907"}],"wp:attachment":[{"href":"https:\/\/wir2030.com\/en\/wp-json\/wp\/v2\/media?parent=905"}],"curies":[{"name":"wp","href":"https:\/\/api.w.org\/{rel}","templated":true}]}}